{"id":161,"date":"2025-12-16T13:44:38","date_gmt":"2025-12-16T13:44:38","guid":{"rendered":"https:\/\/testesosaplicacoes.com.br\/?page_id=161"},"modified":"2026-01-14T11:39:00","modified_gmt":"2026-01-14T11:39:00","slug":"representantes","status":"publish","type":"page","link":"https:\/\/testesosaplicacoes.com.br\/?page_id=161","title":{"rendered":"Representantes"},"content":{"rendered":"\t\t<div data-elementor-type=\"wp-page\" data-elementor-id=\"161\" class=\"elementor elementor-161\" data-elementor-post-type=\"page\">\n\t\t\t\t<div class=\"elementor-element elementor-element-383e6f4 e-flex e-con-boxed e-con e-parent\" data-id=\"383e6f4\" data-element_type=\"container\" data-e-type=\"container\" data-settings=\"{&quot;background_background&quot;:&quot;classic&quot;}\">\n\t\t\t\t\t<div class=\"e-con-inner\">\n\t\t\t\t<div class=\"elementor-element elementor-element-a3cf4a5 elementor-widget elementor-widget-heading\" data-id=\"a3cf4a5\" data-element_type=\"widget\" data-e-type=\"widget\" data-widget_type=\"heading.default\">\n\t\t\t\t\t<h1 class=\"elementor-heading-title elementor-size-default\">Nossos Representantes<\/h1>\t\t\t\t<\/div>\n\t\t\t\t<div class=\"elementor-element elementor-element-4a8a0ba elementor-widget__width-initial elementor-widget elementor-widget-text-editor\" data-id=\"4a8a0ba\" data-element_type=\"widget\" data-e-type=\"widget\" data-widget_type=\"text-editor.default\">\n\t\t\t\t\t\t\t\t\t<p>Lorem ipsum dolor sit amet, consectetur adipiscing elit, vestibulum interdum ornare rhoncus, venenatis auctor.<\/p>\t\t\t\t\t\t\t\t<\/div>\n\t\t\t\t\t<\/div>\n\t\t\t\t<\/div>\n\t\t<div class=\"elementor-element elementor-element-e6fe7d2 e-flex e-con-boxed e-con e-parent\" data-id=\"e6fe7d2\" data-element_type=\"container\" data-e-type=\"container\" data-settings=\"{&quot;background_background&quot;:&quot;classic&quot;}\">\n\t\t\t\t\t<div class=\"e-con-inner\">\n\t\t<div class=\"elementor-element elementor-element-ea17aed e-grid e-con-full e-con e-child\" data-id=\"ea17aed\" data-element_type=\"container\" data-e-type=\"container\">\n\t\t<div class=\"elementor-element elementor-element-0e7cfe0 e-grid e-con-full e-con e-child\" data-id=\"0e7cfe0\" data-element_type=\"container\" data-e-type=\"container\">\n\t\t\t\t<div class=\"elementor-element elementor-element-5a4f3f7 elementor-widget elementor-widget-heading\" data-id=\"5a4f3f7\" data-element_type=\"widget\" data-e-type=\"widget\" data-widget_type=\"heading.default\">\n\t\t\t\t\t<h2 class=\"elementor-heading-title elementor-size-default\">Encontre um Representante<\/h2>\t\t\t\t<\/div>\n\t\t\t\t<div class=\"elementor-element elementor-element-cdfee73 elementor-widget elementor-widget-text-editor\" data-id=\"cdfee73\" data-element_type=\"widget\" data-e-type=\"widget\" data-widget_type=\"text-editor.default\">\n\t\t\t\t\t\t\t\t\t<p>Pellentesque habitant morbi tristique senectus et malesuada fames. Sed semper risus urna, eu ornare nib pellentesque vitae.<\/p><p>Nam malesuada, quisque aliquam nisi eu tellus venenatis, quis dapibus lacus vulputate.<\/p>\t\t\t\t\t\t\t\t<\/div>\n\t\t\t\t<div class=\"elementor-element elementor-element-dae4741 elementor-widget elementor-widget-ehp-form\" data-id=\"dae4741\" data-element_type=\"widget\" data-e-type=\"widget\" data-settings=\"{&quot;layout_preset&quot;:&quot;quick-connect&quot;,&quot;button_width&quot;:&quot;100&quot;,&quot;button_shape&quot;:&quot;default&quot;,&quot;box_shape&quot;:&quot;sharp&quot;}\" data-widget_type=\"ehp-form.default\">\n\t\t\t\t<div class=\"elementor-widget-container\">\n\t\t\t\t\t\t\t<form class=\"has-shape-sharp shape-type-box ehp-form has-layout-preset-quick-connect\" name=\"New Form\" method=\"post\" id=\"\">\n\t\t\t\t\t<div class=\"ehp-form__text-container\">\n\t\t\t<p class=\"ehp-form__description\">Fill out the form below and we will contact you as soon as possible<\/p>\t\t<\/div>\n\t\t\t\t\t<input type=\"hidden\" name=\"post_id\" value=\"161\"\/>\n\t\t\t<input type=\"hidden\" name=\"form_id\" value=\"dae4741\"\/>\n\t\t\t<input type=\"hidden\" name=\"referer_title\" value=\"Representantes\"\/>\n\n\t\t\t\t\t\t\t<input type=\"hidden\" name=\"queried_id\" value=\"161\"\/>\n\t\t\t\n\t\t\t<div class=\"ehp-form__content\">\n\t\t\t\t\t\t\t\t<div class=\"ehp-form__wrapper\">\n\t\t\t\t\t\t\t\t\t\t\t<div class=\"ehp-form__field-group is-field-type-select is-field-group-name has-width-100 is-field-required has-border has-shape-default\">\n\t\t\t\t\t\t\t\t\t\t\t\t\t\t\t<label for=\"form-field-name\" class=\"ehp-form__field-label\">\n\t\t\t\t\t\t\t\t\tEscolha o estado\t\t\t\t\t\t\t\t<\/label>\n\t\t\t\t\t\t\t\t\t\t\n\t\t\t\n\t\t\t\t\t\t\t\n\t\t\t<select name=\"form_fields[name]\" id=\"form-field-name\" class=\"ehp-form__field elementor-field elementor-field-textual ehp-form__select elementor-size-sm\" required=\"required\">\n\t\t\t\t\t\t\t\t\t<option value=\"\"><\/option>\n\t\t\t\t\t\t\t\t\t<option value=\"Acre (AC)\">Acre (AC)<\/option>\n\t\t\t\t\t\t\t\t\t<option value=\"Alagoas (AL)\">Alagoas (AL)<\/option>\n\t\t\t\t\t\t\t\t\t<option value=\"Amap\u00e1 (AP)\">Amap\u00e1 (AP)<\/option>\n\t\t\t\t\t\t\t\t\t<option value=\"Amazonas (AM)\">Amazonas (AM)<\/option>\n\t\t\t\t\t\t\t\t\t<option value=\"Bahia (BA)\">Bahia (BA)<\/option>\n\t\t\t\t\t\t\t\t\t<option value=\"Cear\u00e1 (CE)\">Cear\u00e1 (CE)<\/option>\n\t\t\t\t\t\t\t\t\t<option value=\"Distrito Federal (DF)\">Distrito Federal (DF)<\/option>\n\t\t\t\t\t\t\t\t\t<option value=\"Esp\u00edrito Santo (ES)\">Esp\u00edrito Santo (ES)<\/option>\n\t\t\t\t\t\t\t\t\t<option value=\"Goi\u00e1s (GO)\">Goi\u00e1s (GO)<\/option>\n\t\t\t\t\t\t\t\t\t<option value=\"Maranh\u00e3o (MA)\">Maranh\u00e3o (MA)<\/option>\n\t\t\t\t\t\t\t\t\t<option value=\"Mato Grosso (MT)\">Mato Grosso (MT)<\/option>\n\t\t\t\t\t\t\t\t\t<option value=\"Mato Grosso do Sul (MS)\">Mato Grosso do Sul (MS)<\/option>\n\t\t\t\t\t\t\t\t\t<option value=\"Minas Gerais (MG)\">Minas Gerais (MG)<\/option>\n\t\t\t\t\t\t\t\t\t<option value=\"Par\u00e1 (PA)\">Par\u00e1 (PA)<\/option>\n\t\t\t\t\t\t\t\t\t<option value=\"Para\u00edba (PB)\">Para\u00edba (PB)<\/option>\n\t\t\t\t\t\t\t\t\t<option value=\"Paran\u00e1 (PR)\">Paran\u00e1 (PR)<\/option>\n\t\t\t\t\t\t\t\t\t<option value=\"Pernambuco (PE)\">Pernambuco (PE)<\/option>\n\t\t\t\t\t\t\t\t\t<option value=\"Piau\u00ed (PI)\">Piau\u00ed (PI)<\/option>\n\t\t\t\t\t\t\t\t\t<option value=\"Rio de Janeiro (RJ)\">Rio de Janeiro (RJ)<\/option>\n\t\t\t\t\t\t\t\t\t<option value=\"Rio Grande do Norte (RN)\">Rio Grande do Norte (RN)<\/option>\n\t\t\t\t\t\t\t\t\t<option value=\"Rio Grande do Sul (RS)\">Rio Grande do Sul (RS)<\/option>\n\t\t\t\t\t\t\t\t\t<option value=\"Rond\u00f4nia (RO)\">Rond\u00f4nia (RO)<\/option>\n\t\t\t\t\t\t\t\t\t<option value=\"Roraima (RR)\">Roraima (RR)<\/option>\n\t\t\t\t\t\t\t\t\t<option value=\"Santa Catarina (SC)\">Santa Catarina (SC)<\/option>\n\t\t\t\t\t\t\t\t\t<option value=\"S\u00e3o Paulo (SP)\">S\u00e3o Paulo (SP)<\/option>\n\t\t\t\t\t\t\t\t\t<option value=\"Sergipe (SE)\">Sergipe (SE)<\/option>\n\t\t\t\t\t\t\t\t\t<option value=\"Tocantins (TO)\">Tocantins (TO)<\/option>\n\t\t\t\t\t\t\t<\/select>\n\t\t\n\t\t\t\t\t\t\t\t<\/div>\n\t\t\t\t\t\t\t\t\t\t\t<div class=\"ehp-form__field-group is-field-type-select is-field-group-email has-width-100 is-field-required has-border has-shape-default\">\n\t\t\t\t\t\t\t\t\t\t\t\t\t\t\t<label for=\"form-field-email\" class=\"ehp-form__field-label\">\n\t\t\t\t\t\t\t\t\tEscolha a cidade\t\t\t\t\t\t\t\t<\/label>\n\t\t\t\t\t\t\t\t\t\t\n\t\t\t\n\t\t\t\t\t\t\t\n\t\t\t<select name=\"form_fields[email]\" id=\"form-field-email\" class=\"ehp-form__field elementor-field elementor-field-textual ehp-form__select elementor-size-sm\" required=\"required\">\n\t\t\t\t\t\t\t\t\t<option value=\"\"><\/option>\n\t\t\t\t\t\t\t<\/select>\n\t\t\n\t\t\t\t\t\t\t\t<\/div>\n\t\t\t\t\t\t\t\t\t\t\t\t<div class=\"ehp-form__submit-group has-width-100\">\n\t\t\t<button class=\"has-shape-default shape-type-button ehp-form__button is-type-button\" type=\"submit\">\n\t\t\t\t\t\t\t\t\t\t\t\t\t\n\t\t\t\t\t\t\t\t\t<span class=\"ehp-form__button-text\">Enviar<\/span>\n\t\t\t\t\t\t\t<\/button>\n\t\t<\/div>\n\t\t\t\t\t\t<\/div>\n\t\t\t<\/div>\n\t\t\t<div class=\"ehp-form__overlay\"><\/div>\n\t\t<\/form>\n\t\t\t\t\t\t<\/div>\n\t\t\t\t<\/div>\n\t\t\t\t<\/div>\n\t\t\t\t<div class=\"elementor-element elementor-element-e8bfdab elementor-widget elementor-widget-image\" data-id=\"e8bfdab\" data-element_type=\"widget\" data-e-type=\"widget\" data-widget_type=\"image.default\">\n\t\t\t\t\t\t\t\t\t\t\t\t\t\t\t<img fetchpriority=\"high\" decoding=\"async\" width=\"500\" height=\"750\" src=\"https:\/\/testesosaplicacoes.com.br\/wp-content\/uploads\/2026\/01\/sos-distribuidora-representantes-encontre-um-representante.jpg\" class=\"attachment-large size-large wp-image-1021\" alt=\"\" srcset=\"https:\/\/testesosaplicacoes.com.br\/wp-content\/uploads\/2026\/01\/sos-distribuidora-representantes-encontre-um-representante.jpg 500w, https:\/\/testesosaplicacoes.com.br\/wp-content\/uploads\/2026\/01\/sos-distribuidora-representantes-encontre-um-representante-200x300.jpg 200w\" sizes=\"(max-width: 500px) 100vw, 500px\" \/>\t\t\t\t\t\t\t\t\t\t\t\t\t\t\t<\/div>\n\t\t\t\t<\/div>\n\t\t\t\t\t<\/div>\n\t\t\t\t<\/div>\n\t\t<div class=\"elementor-element elementor-element-fe09f4f e-flex e-con-boxed e-con e-parent\" data-id=\"fe09f4f\" data-element_type=\"container\" data-e-type=\"container\">\n\t\t\t\t\t<div class=\"e-con-inner\">\n\t\t\t\t<div class=\"elementor-element elementor-element-33e12ba elementor-widget elementor-widget-heading\" data-id=\"33e12ba\" data-element_type=\"widget\" data-e-type=\"widget\" data-widget_type=\"heading.default\">\n\t\t\t\t\t<h2 class=\"elementor-heading-title elementor-size-default\">Central de Atendimento<\/h2>\t\t\t\t<\/div>\n\t\t\t\t<div class=\"elementor-element elementor-element-7daba36 elementor-widget elementor-widget-text-editor\" data-id=\"7daba36\" data-element_type=\"widget\" data-e-type=\"widget\" data-widget_type=\"text-editor.default\">\n\t\t\t\t\t\t\t\t\t<p>Donec non tellus egestas, commodo purus non, aliquam odio. Vivamus sit amet placerat.<br \/>Etiam tempus lectus at lorem luctus, id feugiat lacus elementum. Curabitur molestie purus<br \/>sodales ac blandit magna accumsan. Proin molestie pulvinar massa, quis tristique.<\/p>\t\t\t\t\t\t\t\t<\/div>\n\t\t<div class=\"elementor-element elementor-element-2e6498c e-grid e-con-full e-con e-child\" data-id=\"2e6498c\" data-element_type=\"container\" data-e-type=\"container\">\n\t\t\t\t<div class=\"elementor-element elementor-element-985cff9 elementor-widget__width-initial elementor-position-top elementor-widget elementor-widget-image-box\" data-id=\"985cff9\" data-element_type=\"widget\" data-e-type=\"widget\" data-widget_type=\"image-box.default\">\n\t\t\t\t\t<div class=\"elementor-image-box-wrapper\"><figure class=\"elementor-image-box-img\"><img decoding=\"async\" width=\"1000\" height=\"667\" src=\"https:\/\/testesosaplicacoes.com.br\/wp-content\/uploads\/2026\/01\/sos-distribuidora-representantes-central-de-atendimento-telefone.jpg\" class=\"attachment-full size-full wp-image-1096\" alt=\"\" srcset=\"https:\/\/testesosaplicacoes.com.br\/wp-content\/uploads\/2026\/01\/sos-distribuidora-representantes-central-de-atendimento-telefone.jpg 1000w, https:\/\/testesosaplicacoes.com.br\/wp-content\/uploads\/2026\/01\/sos-distribuidora-representantes-central-de-atendimento-telefone-300x200.jpg 300w, https:\/\/testesosaplicacoes.com.br\/wp-content\/uploads\/2026\/01\/sos-distribuidora-representantes-central-de-atendimento-telefone-768x512.jpg 768w\" sizes=\"(max-width: 1000px) 100vw, 1000px\" \/><\/figure><div class=\"elementor-image-box-content\"><h3 class=\"elementor-image-box-title\">Telefone<\/h3><p class=\"elementor-image-box-description\">0800 704 0475<\/p><\/div><\/div>\t\t\t\t<\/div>\n\t\t\t\t<div class=\"elementor-element elementor-element-a64f622 elementor-widget__width-initial elementor-position-top elementor-widget elementor-widget-image-box\" data-id=\"a64f622\" data-element_type=\"widget\" data-e-type=\"widget\" data-widget_type=\"image-box.default\">\n\t\t\t\t\t<div class=\"elementor-image-box-wrapper\"><figure class=\"elementor-image-box-img\"><img decoding=\"async\" width=\"1000\" height=\"667\" src=\"https:\/\/testesosaplicacoes.com.br\/wp-content\/uploads\/2026\/01\/sos-distribuidora-representantes-central-de-atendimento-whatsapp.jpg\" class=\"attachment-full size-full wp-image-1098\" alt=\"\" srcset=\"https:\/\/testesosaplicacoes.com.br\/wp-content\/uploads\/2026\/01\/sos-distribuidora-representantes-central-de-atendimento-whatsapp.jpg 1000w, https:\/\/testesosaplicacoes.com.br\/wp-content\/uploads\/2026\/01\/sos-distribuidora-representantes-central-de-atendimento-whatsapp-300x200.jpg 300w, https:\/\/testesosaplicacoes.com.br\/wp-content\/uploads\/2026\/01\/sos-distribuidora-representantes-central-de-atendimento-whatsapp-768x512.jpg 768w\" sizes=\"(max-width: 1000px) 100vw, 1000px\" \/><\/figure><div class=\"elementor-image-box-content\"><h3 class=\"elementor-image-box-title\">Whatsapp<\/h3><p class=\"elementor-image-box-description\">(48) 3246-7794<\/p><\/div><\/div>\t\t\t\t<\/div>\n\t\t\t\t<div class=\"elementor-element elementor-element-6f96f8a elementor-widget__width-initial elementor-position-top elementor-widget elementor-widget-image-box\" data-id=\"6f96f8a\" data-element_type=\"widget\" data-e-type=\"widget\" data-widget_type=\"image-box.default\">\n\t\t\t\t\t<div class=\"elementor-image-box-wrapper\"><figure class=\"elementor-image-box-img\"><img loading=\"lazy\" decoding=\"async\" width=\"1000\" height=\"667\" src=\"https:\/\/testesosaplicacoes.com.br\/wp-content\/uploads\/2026\/01\/sos-distribuidora-representantes-central-de-atendimento-endereco.jpg\" class=\"attachment-full size-full wp-image-1104\" alt=\"\" srcset=\"https:\/\/testesosaplicacoes.com.br\/wp-content\/uploads\/2026\/01\/sos-distribuidora-representantes-central-de-atendimento-endereco.jpg 1000w, https:\/\/testesosaplicacoes.com.br\/wp-content\/uploads\/2026\/01\/sos-distribuidora-representantes-central-de-atendimento-endereco-300x200.jpg 300w, https:\/\/testesosaplicacoes.com.br\/wp-content\/uploads\/2026\/01\/sos-distribuidora-representantes-central-de-atendimento-endereco-768x512.jpg 768w\" sizes=\"(max-width: 1000px) 100vw, 1000px\" \/><\/figure><div class=\"elementor-image-box-content\"><h3 class=\"elementor-image-box-title\">Endere\u00e7o<\/h3><p class=\"elementor-image-box-description\">R. Hip\u00f3lito Henrique Pfleger<\/p><\/div><\/div>\t\t\t\t<\/div>\n\t\t\t\t<\/div>\n\t\t\t\t\t<\/div>\n\t\t\t\t<\/div>\n\t\t<div class=\"elementor-element elementor-element-de13c82 e-flex e-con-boxed e-con e-parent\" data-id=\"de13c82\" data-element_type=\"container\" data-e-type=\"container\" data-settings=\"{&quot;background_background&quot;:&quot;classic&quot;}\">\n\t\t\t\t\t<div class=\"e-con-inner\">\n\t\t\t\t<div class=\"elementor-element elementor-element-cd5a60e elementor-widget elementor-widget-cta\" data-id=\"cd5a60e\" data-element_type=\"widget\" data-e-type=\"widget\" data-settings=\"{&quot;layout_preset&quot;:&quot;streamline&quot;,&quot;content_alignment&quot;:&quot;center&quot;,&quot;content_alignment_tablet&quot;:&quot;center&quot;,&quot;content_alignment_mobile&quot;:&quot;center&quot;,&quot;primary_button_shape&quot;:&quot;default&quot;,&quot;secondary_button_shape&quot;:&quot;default&quot;,&quot;cta_width&quot;:&quot;default&quot;,&quot;cta_position&quot;:&quot;default&quot;,&quot;box_shape&quot;:&quot;sharp&quot;}\" data-widget_type=\"cta.default\">\n\t\t\t\t<div class=\"elementor-widget-container\">\n\t\t\t\t\t\t\t<div class=\"has-shape-sharp shape-type-box ehp-cta has-preset-streamline\">\n\t\t\t<div class=\"ehp-cta__overlay\"><\/div>\n\t\t\t<div class=\"ehp-cta__elements-container\">\n\t\t\t\t\t\t<div class=\"ehp-cta__text-container\">\n\t\t\t<h2 class=\"ehp-cta__heading\">Torne-se nosso Cliente<\/h2><p class=\"ehp-cta__description\">Schedule a free consultation with our team and let's make things happen!<\/p>\t\t<\/div>\n\t\t\t\t\t<div class=\"ehp-cta__ctas-container has-cta-width-default\">\n\t\t\t\t<div class=\"ehp-cta__buttons-wrapper\">\n\t\t\t\t\t\t\t<a class=\"has-shape-default shape-type-button ehp-button ehp-button--primary ehp-cta__button ehp-cta__button--primary is-type-button\">\n\t\t\t\t\t<span class=\"ehp-button__text ehp-cta__button-text ehp-cta__button-text--primary\">\n\t\t\tTornar-se Cliente\t\t\t\t<\/a>\n\t\t\t\t\t\t\t\t\t<a class=\"has-shape-default shape-type-button ehp-button ehp-button--secondary ehp-cta__button ehp-cta__button--secondary is-type-button has-border\">\n\t\t\t\t\t<span class=\"ehp-button__text ehp-cta__button-text ehp-cta__button-text--secondary\">\n\t\t\tIniciar Sess\u00e3o\t\t\t\t<\/a>\n\t\t\t\t\t\t<\/div>\n\t\t\t<\/div>\n\t\t\t\t\t<\/div>\n\t\t<\/div>\n\t\t\t\t\t\t<\/div>\n\t\t\t\t<\/div>\n\t\t\t\t\t<\/div>\n\t\t\t\t<\/div>\n\t\t<div class=\"elementor-element elementor-element-2fbbcab e-flex e-con-boxed e-con e-parent\" data-id=\"2fbbcab\" data-element_type=\"container\" data-e-type=\"container\" data-settings=\"{&quot;background_background&quot;:&quot;classic&quot;}\">\n\t\t\t\t\t<div class=\"e-con-inner\">\n\t\t\t\t<div class=\"elementor-element elementor-element-b4a457b elementor-widget elementor-widget-flex-hero\" data-id=\"b4a457b\" data-element_type=\"widget\" data-e-type=\"widget\" data-settings=\"{&quot;layout_preset&quot;:&quot;showcase&quot;,&quot;layout_column_structure&quot;:&quot;50-50&quot;,&quot;layout_image_position&quot;:&quot;end&quot;,&quot;primary_button_shape&quot;:&quot;default&quot;,&quot;image_shape&quot;:&quot;sharp&quot;,&quot;box_shape&quot;:&quot;sharp&quot;}\" data-widget_type=\"flex-hero.default\">\n\t\t\t\t<div class=\"elementor-widget-container\">\n\t\t\t\t\t\t\t<div class=\"has-shape-sharp shape-type-box has-column-structure-50-50  ehp-flex-hero has-layout-preset-showcase has-image-position-end\">\n\t\t\t\t\t\t<div class=\"ehp-flex-hero__overlay\"><\/div>\n\t\t\t<div class=\"ehp-flex-hero__content-container\">\n\t\t\t\t<p class=\"ehp-flex-hero__intro\">Ads | Parceiro Ouro<\/p><h2 class=\"ehp-flex-hero__heading\">Anuncie Aqui<\/h2><h3 class=\"ehp-flex-hero__subheading\">Custo Por Mil Impress\u00f5es (CPM) = R$ 200 \/ Meta \u00e9 atingirmos 20 mil visitas por m\u00eas = R$ 5k+ s\u00f3 aqui<\/h3>\t\t\t<div class=\"ehp-flex-hero__ctas-container\">\n\t\t\t\t\t\t<a class=\"has-shape-default shape-type-button ehp-button ehp-button--primary ehp-flex-hero__button ehp-flex-hero__button--primary is-type-button\">\n\t\t\t\t\t<span class=\"ehp-button__text ehp-flex-hero__button-text ehp-flex-hero__button-text--primary\">\n\t\t\tVisitar Parceiro\t\t\t\t<\/a>\n\t\t\t\t\t\t\t\t\t<\/div>\n\t\t\t\t\t<\/div>\n\t\t\t\t<div class=\"ehp-flex-hero__image-wrapper\">\n\t\t\t\t\t<div class=\"ehp-image ehp-flex-hero__image-container\">\n\t\t\t\t<img decoding=\"async\" class=\"ehp-image__img ehp-flex-hero__img has-shape-sharp shape-type-image\" src=\"https:\/\/testesosaplicacoes.com.br\/wp-content\/plugins\/elementor\/assets\/images\/placeholder.png\" title=\"\" alt=\"\" loading=\"lazy\" \/>\t\t\t<\/div>\n\t\t\t\t\t<\/div>\n\t\t\t\t<\/div>\n\t\t\t\t\t\t<\/div>\n\t\t\t\t<\/div>\n\t\t\t\t\t<\/div>\n\t\t\t\t<\/div>\n\t\t\t\t<\/div>\n\t\t","protected":false},"excerpt":{"rendered":"<p>Nossos Representantes Lorem ipsum dolor sit amet, consectetur adipiscing elit, vestibulum interdum ornare rhoncus, venenatis auctor. Encontre um Representante Pellentesque habitant morbi tristique senectus et malesuada fames. Sed semper risus urna, eu ornare nib pellentesque vitae. Nam malesuada, quisque aliquam nisi eu tellus venenatis, quis dapibus lacus vulputate. Central de Atendimento Donec non tellus egestas, [&hellip;]<\/p>\n","protected":false},"author":1,"featured_media":0,"parent":0,"menu_order":8,"comment_status":"closed","ping_status":"closed","template":"","meta":{"footnotes":""},"class_list":["post-161","page","type-page","status-publish","hentry"],"_links":{"self":[{"href":"https:\/\/testesosaplicacoes.com.br\/index.php?rest_route=\/wp\/v2\/pages\/161","targetHints":{"allow":["GET"]}}],"collection":[{"href":"https:\/\/testesosaplicacoes.com.br\/index.php?rest_route=\/wp\/v2\/pages"}],"about":[{"href":"https:\/\/testesosaplicacoes.com.br\/index.php?rest_route=\/wp\/v2\/types\/page"}],"author":[{"embeddable":true,"href":"https:\/\/testesosaplicacoes.com.br\/index.php?rest_route=\/wp\/v2\/users\/1"}],"replies":[{"embeddable":true,"href":"https:\/\/testesosaplicacoes.com.br\/index.php?rest_route=%2Fwp%2Fv2%2Fcomments&post=161"}],"version-history":[{"count":82,"href":"https:\/\/testesosaplicacoes.com.br\/index.php?rest_route=\/wp\/v2\/pages\/161\/revisions"}],"predecessor-version":[{"id":1159,"href":"https:\/\/testesosaplicacoes.com.br\/index.php?rest_route=\/wp\/v2\/pages\/161\/revisions\/1159"}],"wp:attachment":[{"href":"https:\/\/testesosaplicacoes.com.br\/index.php?rest_route=%2Fwp%2Fv2%2Fmedia&parent=161"}],"curies":[{"name":"wp","href":"https:\/\/api.w.org\/{rel}","templated":true}]}}