{"id":146,"date":"2025-12-16T13:42:27","date_gmt":"2025-12-16T13:42:27","guid":{"rendered":"https:\/\/testesosaplicacoes.com.br\/?page_id=146"},"modified":"2026-01-26T12:28:59","modified_gmt":"2026-01-26T12:28:59","slug":"servicos","status":"publish","type":"page","link":"https:\/\/testesosaplicacoes.com.br\/?page_id=146","title":{"rendered":"Servi\u00e7os"},"content":{"rendered":"\t\t<div data-elementor-type=\"wp-page\" data-elementor-id=\"146\" class=\"elementor elementor-146\" data-elementor-post-type=\"page\">\n\t\t\t\t<div class=\"elementor-element elementor-element-d8c75fb e-flex e-con-boxed e-con e-parent\" data-id=\"d8c75fb\" data-element_type=\"container\" data-e-type=\"container\" data-settings=\"{&quot;background_background&quot;:&quot;classic&quot;}\">\n\t\t\t\t\t<div class=\"e-con-inner\">\n\t\t\t\t<div class=\"elementor-element elementor-element-54637da elementor-widget elementor-widget-heading\" data-id=\"54637da\" data-element_type=\"widget\" data-e-type=\"widget\" data-widget_type=\"heading.default\">\n\t\t\t\t\t<h1 class=\"elementor-heading-title elementor-size-default\">Nossos Servi\u00e7os<\/h1>\t\t\t\t<\/div>\n\t\t\t\t<div class=\"elementor-element elementor-element-686b9d0 elementor-widget__width-initial elementor-widget elementor-widget-text-editor\" data-id=\"686b9d0\" data-element_type=\"widget\" data-e-type=\"widget\" data-widget_type=\"text-editor.default\">\n\t\t\t\t\t\t\t\t\t<p>Lorem ipsum dolor sit amet, consectetur adipiscing elit, vestibulum interdum ornare rhoncus, venenatis auctor.<\/p>\t\t\t\t\t\t\t\t<\/div>\n\t\t\t\t\t<\/div>\n\t\t\t\t<\/div>\n\t\t<div class=\"elementor-element elementor-element-fa136c8 e-flex e-con-boxed e-con e-parent\" data-id=\"fa136c8\" data-element_type=\"container\" data-e-type=\"container\" data-settings=\"{&quot;background_background&quot;:&quot;classic&quot;}\">\n\t\t\t\t\t<div class=\"e-con-inner\">\n\t\t\t\t<div class=\"elementor-element elementor-element-da9a56b elementor-widget elementor-widget-heading\" data-id=\"da9a56b\" data-element_type=\"widget\" data-e-type=\"widget\" data-widget_type=\"heading.default\">\n\t\t\t\t\t<h2 class=\"elementor-heading-title elementor-size-default\">Solu\u00e7\u00f5es Food Service<\/h2>\t\t\t\t<\/div>\n\t\t\t\t<div class=\"elementor-element elementor-element-734fb86 elementor-widget elementor-widget-text-editor\" data-id=\"734fb86\" data-element_type=\"widget\" data-e-type=\"widget\" data-widget_type=\"text-editor.default\">\n\t\t\t\t\t\t\t\t\t<p>Pellentesque habitant morbi tristique senectus et netus et malesuada fames.<br \/>Sed semper risus urna, eu ornare nib pellentesque vitae. Nam malesuada,<br \/>quisque aliquam nisi eu tellus venenatis, quis dapibus lacus vulputate.<\/p>\t\t\t\t\t\t\t\t<\/div>\n\t\t<div class=\"elementor-element elementor-element-cbeb1de e-grid e-con-full e-con e-child\" data-id=\"cbeb1de\" data-element_type=\"container\" data-e-type=\"container\">\n\t\t\t\t<div class=\"elementor-element elementor-element-a53cc3d elementor-widget elementor-widget-image\" data-id=\"a53cc3d\" data-element_type=\"widget\" data-e-type=\"widget\" data-widget_type=\"image.default\">\n\t\t\t\t\t\t\t\t\t\t\t\t\t\t\t<img fetchpriority=\"high\" decoding=\"async\" width=\"800\" height=\"494\" src=\"https:\/\/testesosaplicacoes.com.br\/wp-content\/uploads\/2026\/01\/sos-distribuidora-solucoes-food-service-de-ponta-a-ponta-1024x632.jpg\" class=\"attachment-large size-large wp-image-755\" alt=\"\" srcset=\"https:\/\/testesosaplicacoes.com.br\/wp-content\/uploads\/2026\/01\/sos-distribuidora-solucoes-food-service-de-ponta-a-ponta-1024x632.jpg 1024w, https:\/\/testesosaplicacoes.com.br\/wp-content\/uploads\/2026\/01\/sos-distribuidora-solucoes-food-service-de-ponta-a-ponta-300x185.jpg 300w, https:\/\/testesosaplicacoes.com.br\/wp-content\/uploads\/2026\/01\/sos-distribuidora-solucoes-food-service-de-ponta-a-ponta-768x474.jpg 768w, https:\/\/testesosaplicacoes.com.br\/wp-content\/uploads\/2026\/01\/sos-distribuidora-solucoes-food-service-de-ponta-a-ponta.jpg 1080w\" sizes=\"(max-width: 800px) 100vw, 800px\" \/>\t\t\t\t\t\t\t\t\t\t\t\t\t\t\t<\/div>\n\t\t\t\t<div class=\"elementor-element elementor-element-40e06cc elementor-widget elementor-widget-text-editor\" data-id=\"40e06cc\" data-element_type=\"widget\" data-e-type=\"widget\" data-widget_type=\"text-editor.default\">\n\t\t\t\t\t\t\t\t\t<p>Lorem ipsum dolor sit amet, consectetur adipiscing elit. Ut elit tellus, luctus nec ullamcorper mattis, pulvinar dapibus leo.<\/p>\t\t\t\t\t\t\t\t<\/div>\n\t\t\t\t<div class=\"elementor-element elementor-element-282a2ff elementor-widget elementor-widget-text-editor\" data-id=\"282a2ff\" data-element_type=\"widget\" data-e-type=\"widget\" data-widget_type=\"text-editor.default\">\n\t\t\t\t\t\t\t\t\t<p>Lorem ipsum dolor sit amet, consectetur adipiscing elit. Ut elit tellus, luctus nec ullamcorper mattis, pulvinar dapibus leo.<\/p>\t\t\t\t\t\t\t\t<\/div>\n\t\t\t\t<div class=\"elementor-element elementor-element-11f8d4f elementor-widget elementor-widget-image\" data-id=\"11f8d4f\" data-element_type=\"widget\" data-e-type=\"widget\" data-widget_type=\"image.default\">\n\t\t\t\t\t\t\t\t\t\t\t\t\t\t\t<img fetchpriority=\"high\" decoding=\"async\" width=\"800\" height=\"494\" src=\"https:\/\/testesosaplicacoes.com.br\/wp-content\/uploads\/2026\/01\/sos-distribuidora-solucoes-food-service-de-ponta-a-ponta-1024x632.jpg\" class=\"attachment-large size-large wp-image-755\" alt=\"\" srcset=\"https:\/\/testesosaplicacoes.com.br\/wp-content\/uploads\/2026\/01\/sos-distribuidora-solucoes-food-service-de-ponta-a-ponta-1024x632.jpg 1024w, https:\/\/testesosaplicacoes.com.br\/wp-content\/uploads\/2026\/01\/sos-distribuidora-solucoes-food-service-de-ponta-a-ponta-300x185.jpg 300w, https:\/\/testesosaplicacoes.com.br\/wp-content\/uploads\/2026\/01\/sos-distribuidora-solucoes-food-service-de-ponta-a-ponta-768x474.jpg 768w, https:\/\/testesosaplicacoes.com.br\/wp-content\/uploads\/2026\/01\/sos-distribuidora-solucoes-food-service-de-ponta-a-ponta.jpg 1080w\" sizes=\"(max-width: 800px) 100vw, 800px\" \/>\t\t\t\t\t\t\t\t\t\t\t\t\t\t\t<\/div>\n\t\t\t\t<\/div>\n\t\t\t\t\t<\/div>\n\t\t\t\t<\/div>\n\t\t<div class=\"elementor-element elementor-element-830d053 e-flex e-con-boxed e-con e-parent\" data-id=\"830d053\" data-element_type=\"container\" data-e-type=\"container\">\n\t\t\t\t\t<div class=\"e-con-inner\">\n\t\t\t\t<div class=\"elementor-element elementor-element-e7f8081 elementor-widget elementor-widget-heading\" data-id=\"e7f8081\" data-element_type=\"widget\" data-e-type=\"widget\" data-widget_type=\"heading.default\">\n\t\t\t\t\t<h2 class=\"elementor-heading-title elementor-size-default\">Solu\u00e7\u00f5es Varejo Alimentar<\/h2>\t\t\t\t<\/div>\n\t\t\t\t<div class=\"elementor-element elementor-element-243c4d1 elementor-widget elementor-widget-text-editor\" data-id=\"243c4d1\" data-element_type=\"widget\" data-e-type=\"widget\" data-widget_type=\"text-editor.default\">\n\t\t\t\t\t\t\t\t\t<p>Pellentesque habitant morbi tristique senectus et netus et malesuada fames.<br \/>Sed semper risus urna, eu ornare nib pellentesque vitae. Nam malesuada,<br \/>quisque aliquam nisi eu tellus venenatis, quis dapibus lacus vulputate.<\/p>\t\t\t\t\t\t\t\t<\/div>\n\t\t<div class=\"elementor-element elementor-element-d541980 e-grid e-con-full e-con e-child\" data-id=\"d541980\" data-element_type=\"container\" data-e-type=\"container\">\n\t\t\t\t<div class=\"elementor-element elementor-element-a9cf534 elementor-widget elementor-widget-image\" data-id=\"a9cf534\" data-element_type=\"widget\" data-e-type=\"widget\" data-widget_type=\"image.default\">\n\t\t\t\t\t\t\t\t\t\t\t\t\t\t\t<img decoding=\"async\" width=\"800\" height=\"494\" src=\"https:\/\/testesosaplicacoes.com.br\/wp-content\/uploads\/2026\/01\/sos-distribuidora-solucoes-varejo-alimentar-faz-para-voce-1024x632.jpg\" class=\"attachment-large size-large wp-image-757\" alt=\"\" srcset=\"https:\/\/testesosaplicacoes.com.br\/wp-content\/uploads\/2026\/01\/sos-distribuidora-solucoes-varejo-alimentar-faz-para-voce-1024x632.jpg 1024w, https:\/\/testesosaplicacoes.com.br\/wp-content\/uploads\/2026\/01\/sos-distribuidora-solucoes-varejo-alimentar-faz-para-voce-300x185.jpg 300w, https:\/\/testesosaplicacoes.com.br\/wp-content\/uploads\/2026\/01\/sos-distribuidora-solucoes-varejo-alimentar-faz-para-voce-768x474.jpg 768w, https:\/\/testesosaplicacoes.com.br\/wp-content\/uploads\/2026\/01\/sos-distribuidora-solucoes-varejo-alimentar-faz-para-voce.jpg 1080w\" sizes=\"(max-width: 800px) 100vw, 800px\" \/>\t\t\t\t\t\t\t\t\t\t\t\t\t\t\t<\/div>\n\t\t\t\t<div class=\"elementor-element elementor-element-847a1cf elementor-widget elementor-widget-text-editor\" data-id=\"847a1cf\" data-element_type=\"widget\" data-e-type=\"widget\" data-widget_type=\"text-editor.default\">\n\t\t\t\t\t\t\t\t\t<p>Lorem ipsum dolor sit amet, consectetur adipiscing elit. Ut elit tellus, luctus nec ullamcorper mattis, pulvinar dapibus leo.<\/p>\t\t\t\t\t\t\t\t<\/div>\n\t\t\t\t<div class=\"elementor-element elementor-element-9507a5e elementor-widget elementor-widget-text-editor\" data-id=\"9507a5e\" data-element_type=\"widget\" data-e-type=\"widget\" data-widget_type=\"text-editor.default\">\n\t\t\t\t\t\t\t\t\t<p>Lorem ipsum dolor sit amet, consectetur adipiscing elit. Ut elit tellus, luctus nec ullamcorper mattis, pulvinar dapibus leo.<\/p>\t\t\t\t\t\t\t\t<\/div>\n\t\t\t\t<div class=\"elementor-element elementor-element-e72126e elementor-widget elementor-widget-image\" data-id=\"e72126e\" data-element_type=\"widget\" data-e-type=\"widget\" data-widget_type=\"image.default\">\n\t\t\t\t\t\t\t\t\t\t\t\t\t\t\t<img decoding=\"async\" width=\"800\" height=\"494\" src=\"https:\/\/testesosaplicacoes.com.br\/wp-content\/uploads\/2026\/01\/sos-distribuidora-solucoes-varejo-alimentar-faz-para-voce-1024x632.jpg\" class=\"attachment-large size-large wp-image-757\" alt=\"\" srcset=\"https:\/\/testesosaplicacoes.com.br\/wp-content\/uploads\/2026\/01\/sos-distribuidora-solucoes-varejo-alimentar-faz-para-voce-1024x632.jpg 1024w, https:\/\/testesosaplicacoes.com.br\/wp-content\/uploads\/2026\/01\/sos-distribuidora-solucoes-varejo-alimentar-faz-para-voce-300x185.jpg 300w, https:\/\/testesosaplicacoes.com.br\/wp-content\/uploads\/2026\/01\/sos-distribuidora-solucoes-varejo-alimentar-faz-para-voce-768x474.jpg 768w, https:\/\/testesosaplicacoes.com.br\/wp-content\/uploads\/2026\/01\/sos-distribuidora-solucoes-varejo-alimentar-faz-para-voce.jpg 1080w\" sizes=\"(max-width: 800px) 100vw, 800px\" \/>\t\t\t\t\t\t\t\t\t\t\t\t\t\t\t<\/div>\n\t\t\t\t<\/div>\n\t\t\t\t\t<\/div>\n\t\t\t\t<\/div>\n\t\t<div class=\"elementor-element elementor-element-f063f15 e-flex e-con-boxed e-con e-parent\" data-id=\"f063f15\" data-element_type=\"container\" data-e-type=\"container\" data-settings=\"{&quot;background_background&quot;:&quot;classic&quot;}\">\n\t\t\t\t\t<div class=\"e-con-inner\">\n\t\t\t\t<div class=\"elementor-element elementor-element-c4c153f elementor-widget elementor-widget-heading\" data-id=\"c4c153f\" data-element_type=\"widget\" data-e-type=\"widget\" data-widget_type=\"heading.default\">\n\t\t\t\t\t<h2 class=\"elementor-heading-title elementor-size-default\">Solu\u00e7\u00f5es Food &amp; Varejo<\/h2>\t\t\t\t<\/div>\n\t\t\t\t<div class=\"elementor-element elementor-element-1609544 elementor-widget elementor-widget-text-editor\" data-id=\"1609544\" data-element_type=\"widget\" data-e-type=\"widget\" data-widget_type=\"text-editor.default\">\n\t\t\t\t\t\t\t\t\t<p>Pellentesque habitant morbi tristique senectus et netus et malesuada fames.<br \/>Sed semper risus urna, eu ornare nib pellentesque vitae. Nam malesuada,<br \/>quisque aliquam nisi eu tellus venenatis, quis dapibus lacus vulputate.<\/p>\t\t\t\t\t\t\t\t<\/div>\n\t\t<div class=\"elementor-element elementor-element-508ff30 e-grid e-con-full e-con e-child\" data-id=\"508ff30\" data-element_type=\"container\" data-e-type=\"container\">\n\t\t\t\t<div class=\"elementor-element elementor-element-d18a0b5 elementor-widget elementor-widget-image\" data-id=\"d18a0b5\" data-element_type=\"widget\" data-e-type=\"widget\" data-widget_type=\"image.default\">\n\t\t\t\t\t\t\t\t\t\t\t\t\t\t\t<img decoding=\"async\" width=\"800\" height=\"494\" src=\"https:\/\/testesosaplicacoes.com.br\/wp-content\/uploads\/2026\/01\/sos-distribuidora-solucoes-food-e-varejo-dia-do-catalogo-1024x632.jpg\" class=\"attachment-large size-large wp-image-751\" alt=\"\" srcset=\"https:\/\/testesosaplicacoes.com.br\/wp-content\/uploads\/2026\/01\/sos-distribuidora-solucoes-food-e-varejo-dia-do-catalogo-1024x632.jpg 1024w, https:\/\/testesosaplicacoes.com.br\/wp-content\/uploads\/2026\/01\/sos-distribuidora-solucoes-food-e-varejo-dia-do-catalogo-300x185.jpg 300w, https:\/\/testesosaplicacoes.com.br\/wp-content\/uploads\/2026\/01\/sos-distribuidora-solucoes-food-e-varejo-dia-do-catalogo-768x474.jpg 768w, https:\/\/testesosaplicacoes.com.br\/wp-content\/uploads\/2026\/01\/sos-distribuidora-solucoes-food-e-varejo-dia-do-catalogo.jpg 1080w\" sizes=\"(max-width: 800px) 100vw, 800px\" \/>\t\t\t\t\t\t\t\t\t\t\t\t\t\t\t<\/div>\n\t\t\t\t<div class=\"elementor-element elementor-element-0884959 elementor-widget elementor-widget-text-editor\" data-id=\"0884959\" data-element_type=\"widget\" data-e-type=\"widget\" data-widget_type=\"text-editor.default\">\n\t\t\t\t\t\t\t\t\t<p>Lorem ipsum dolor sit amet, consectetur adipiscing elit. Ut elit tellus, luctus nec ullamcorper mattis, pulvinar dapibus leo.<\/p>\t\t\t\t\t\t\t\t<\/div>\n\t\t\t\t<div class=\"elementor-element elementor-element-319b315 elementor-widget elementor-widget-text-editor\" data-id=\"319b315\" data-element_type=\"widget\" data-e-type=\"widget\" data-widget_type=\"text-editor.default\">\n\t\t\t\t\t\t\t\t\t<p>Lorem ipsum dolor sit amet, consectetur adipiscing elit. Ut elit tellus, luctus nec ullamcorper mattis, pulvinar dapibus leo.<\/p>\t\t\t\t\t\t\t\t<\/div>\n\t\t\t\t<div class=\"elementor-element elementor-element-dbd811f elementor-widget elementor-widget-image\" data-id=\"dbd811f\" data-element_type=\"widget\" data-e-type=\"widget\" data-widget_type=\"image.default\">\n\t\t\t\t\t\t\t\t\t\t\t\t\t\t\t<img decoding=\"async\" width=\"800\" height=\"494\" src=\"https:\/\/testesosaplicacoes.com.br\/wp-content\/uploads\/2026\/01\/sos-distribuidora-solucoes-food-e-varejo-dia-do-catalogo-1024x632.jpg\" class=\"attachment-large size-large wp-image-751\" alt=\"\" srcset=\"https:\/\/testesosaplicacoes.com.br\/wp-content\/uploads\/2026\/01\/sos-distribuidora-solucoes-food-e-varejo-dia-do-catalogo-1024x632.jpg 1024w, https:\/\/testesosaplicacoes.com.br\/wp-content\/uploads\/2026\/01\/sos-distribuidora-solucoes-food-e-varejo-dia-do-catalogo-300x185.jpg 300w, https:\/\/testesosaplicacoes.com.br\/wp-content\/uploads\/2026\/01\/sos-distribuidora-solucoes-food-e-varejo-dia-do-catalogo-768x474.jpg 768w, https:\/\/testesosaplicacoes.com.br\/wp-content\/uploads\/2026\/01\/sos-distribuidora-solucoes-food-e-varejo-dia-do-catalogo.jpg 1080w\" sizes=\"(max-width: 800px) 100vw, 800px\" \/>\t\t\t\t\t\t\t\t\t\t\t\t\t\t\t<\/div>\n\t\t\t\t<\/div>\n\t\t\t\t\t<\/div>\n\t\t\t\t<\/div>\n\t\t<div class=\"elementor-element elementor-element-404ea9d e-flex e-con-boxed e-con e-parent\" data-id=\"404ea9d\" data-element_type=\"container\" data-e-type=\"container\" data-settings=\"{&quot;background_background&quot;:&quot;classic&quot;}\">\n\t\t\t\t\t<div class=\"e-con-inner\">\n\t\t\t\t<div class=\"elementor-element elementor-element-1d98e22 elementor-widget elementor-widget-cta\" data-id=\"1d98e22\" data-element_type=\"widget\" data-e-type=\"widget\" data-settings=\"{&quot;layout_preset&quot;:&quot;streamline&quot;,&quot;content_alignment&quot;:&quot;center&quot;,&quot;content_alignment_tablet&quot;:&quot;center&quot;,&quot;content_alignment_mobile&quot;:&quot;center&quot;,&quot;primary_button_shape&quot;:&quot;default&quot;,&quot;secondary_button_shape&quot;:&quot;default&quot;,&quot;cta_width&quot;:&quot;default&quot;,&quot;cta_position&quot;:&quot;default&quot;,&quot;box_shape&quot;:&quot;sharp&quot;}\" data-widget_type=\"cta.default\">\n\t\t\t\t<div class=\"elementor-widget-container\">\n\t\t\t\t\t\t\t<div class=\"has-shape-sharp shape-type-box ehp-cta has-preset-streamline\">\n\t\t\t<div class=\"ehp-cta__overlay\"><\/div>\n\t\t\t<div class=\"ehp-cta__elements-container\">\n\t\t\t\t\t\t<div class=\"ehp-cta__text-container\">\n\t\t\t<h2 class=\"ehp-cta__heading\">Torne-se nosso Cliente<\/h2><p class=\"ehp-cta__description\">Schedule a free consultation with our team and let's make things happen!<\/p>\t\t<\/div>\n\t\t\t\t\t<div class=\"ehp-cta__ctas-container has-cta-width-default\">\n\t\t\t\t<div class=\"ehp-cta__buttons-wrapper\">\n\t\t\t\t\t\t\t<a class=\"has-shape-default shape-type-button ehp-button ehp-button--primary ehp-cta__button ehp-cta__button--primary is-type-button\">\n\t\t\t\t\t<span class=\"ehp-button__text ehp-cta__button-text ehp-cta__button-text--primary\">\n\t\t\tTornar-se Cliente\t\t\t\t<\/a>\n\t\t\t\t\t\t\t\t\t<a class=\"has-shape-default shape-type-button ehp-button ehp-button--secondary ehp-cta__button ehp-cta__button--secondary is-type-button has-border\">\n\t\t\t\t\t<span class=\"ehp-button__text ehp-cta__button-text ehp-cta__button-text--secondary\">\n\t\t\tIniciar Sess\u00e3o\t\t\t\t<\/a>\n\t\t\t\t\t\t<\/div>\n\t\t\t<\/div>\n\t\t\t\t\t<\/div>\n\t\t<\/div>\n\t\t\t\t\t\t<\/div>\n\t\t\t\t<\/div>\n\t\t\t\t\t<\/div>\n\t\t\t\t<\/div>\n\t\t<div class=\"elementor-element elementor-element-bb3ca38 e-flex e-con-boxed e-con e-parent\" data-id=\"bb3ca38\" data-element_type=\"container\" data-e-type=\"container\" data-settings=\"{&quot;background_background&quot;:&quot;classic&quot;}\">\n\t\t\t\t\t<div class=\"e-con-inner\">\n\t\t\t\t<div class=\"elementor-element elementor-element-ba13ab6 elementor-widget elementor-widget-flex-hero\" data-id=\"ba13ab6\" data-element_type=\"widget\" data-e-type=\"widget\" data-settings=\"{&quot;layout_preset&quot;:&quot;showcase&quot;,&quot;layout_column_structure&quot;:&quot;50-50&quot;,&quot;layout_image_position&quot;:&quot;end&quot;,&quot;primary_button_shape&quot;:&quot;default&quot;,&quot;image_shape&quot;:&quot;sharp&quot;,&quot;box_shape&quot;:&quot;sharp&quot;}\" data-widget_type=\"flex-hero.default\">\n\t\t\t\t<div class=\"elementor-widget-container\">\n\t\t\t\t\t\t\t<div class=\"has-shape-sharp shape-type-box has-column-structure-50-50  ehp-flex-hero has-layout-preset-showcase has-image-position-end\">\n\t\t\t\t\t\t<div class=\"ehp-flex-hero__overlay\"><\/div>\n\t\t\t<div class=\"ehp-flex-hero__content-container\">\n\t\t\t\t<p class=\"ehp-flex-hero__intro\">Ads | Parceiro Ouro<\/p><h2 class=\"ehp-flex-hero__heading\">Anuncie Aqui<\/h2><h3 class=\"ehp-flex-hero__subheading\">Custo Por Mil Impress\u00f5es (CPM) = R$ 200 \/ Meta \u00e9 atingirmos 20 mil visitas por m\u00eas = R$ 5k+ s\u00f3 aqui<\/h3>\t\t\t<div class=\"ehp-flex-hero__ctas-container\">\n\t\t\t\t\t\t<a class=\"has-shape-default shape-type-button ehp-button ehp-button--primary ehp-flex-hero__button ehp-flex-hero__button--primary is-type-button\">\n\t\t\t\t\t<span class=\"ehp-button__text ehp-flex-hero__button-text ehp-flex-hero__button-text--primary\">\n\t\t\tVisitar Parceiro\t\t\t\t<\/a>\n\t\t\t\t\t\t\t\t\t<\/div>\n\t\t\t\t\t<\/div>\n\t\t\t\t<div class=\"ehp-flex-hero__image-wrapper\">\n\t\t\t\t\t<div class=\"ehp-image ehp-flex-hero__image-container\">\n\t\t\t\t<img decoding=\"async\" class=\"ehp-image__img ehp-flex-hero__img has-shape-sharp shape-type-image\" src=\"https:\/\/testesosaplicacoes.com.br\/wp-content\/plugins\/elementor\/assets\/images\/placeholder.png\" title=\"\" alt=\"\" loading=\"lazy\" \/>\t\t\t<\/div>\n\t\t\t\t\t<\/div>\n\t\t\t\t<\/div>\n\t\t\t\t\t\t<\/div>\n\t\t\t\t<\/div>\n\t\t\t\t\t<\/div>\n\t\t\t\t<\/div>\n\t\t\t\t<\/div>\n\t\t","protected":false},"excerpt":{"rendered":"<p>Nossos Servi\u00e7os Lorem ipsum dolor sit amet, consectetur adipiscing elit, vestibulum interdum ornare rhoncus, venenatis auctor. Solu\u00e7\u00f5es Food Service Pellentesque habitant morbi tristique senectus et netus et malesuada fames.Sed semper risus urna, eu ornare nib pellentesque vitae. Nam malesuada,quisque aliquam nisi eu tellus venenatis, quis dapibus lacus vulputate. Lorem ipsum dolor sit amet, consectetur adipiscing [&hellip;]<\/p>\n","protected":false},"author":1,"featured_media":0,"parent":0,"menu_order":5,"comment_status":"closed","ping_status":"closed","template":"","meta":{"footnotes":""},"class_list":["post-146","page","type-page","status-publish","hentry"],"_links":{"self":[{"href":"https:\/\/testesosaplicacoes.com.br\/index.php?rest_route=\/wp\/v2\/pages\/146","targetHints":{"allow":["GET"]}}],"collection":[{"href":"https:\/\/testesosaplicacoes.com.br\/index.php?rest_route=\/wp\/v2\/pages"}],"about":[{"href":"https:\/\/testesosaplicacoes.com.br\/index.php?rest_route=\/wp\/v2\/types\/page"}],"author":[{"embeddable":true,"href":"https:\/\/testesosaplicacoes.com.br\/index.php?rest_route=\/wp\/v2\/users\/1"}],"replies":[{"embeddable":true,"href":"https:\/\/testesosaplicacoes.com.br\/index.php?rest_route=%2Fwp%2Fv2%2Fcomments&post=146"}],"version-history":[{"count":46,"href":"https:\/\/testesosaplicacoes.com.br\/index.php?rest_route=\/wp\/v2\/pages\/146\/revisions"}],"predecessor-version":[{"id":1560,"href":"https:\/\/testesosaplicacoes.com.br\/index.php?rest_route=\/wp\/v2\/pages\/146\/revisions\/1560"}],"wp:attachment":[{"href":"https:\/\/testesosaplicacoes.com.br\/index.php?rest_route=%2Fwp%2Fv2%2Fmedia&parent=146"}],"curies":[{"name":"wp","href":"https:\/\/api.w.org\/{rel}","templated":true}]}}